{"id":4073,"date":"2015-01-28T17:34:08","date_gmt":"2015-01-28T17:34:08","guid":{"rendered":"http:\/\/center.apps-1and1.net\/?page_id=4073"},"modified":"2018-01-10T06:42:44","modified_gmt":"2018-01-10T06:42:44","slug":"referenzen","status":"publish","type":"page","link":"https:\/\/schmidt-energiesysteme.de\/index.php\/referenzen\/","title":{"rendered":"Referenzen"},"content":{"rendered":"\n<style type=\"text\/css\" data-created_by=\"avia_inline_auto\" id=\"style-css-av-av_one_full-6126cab7d8fab8d08143dd2dacdf673c\">\n.flex_column.av-av_one_full-6126cab7d8fab8d08143dd2dacdf673c{\n-webkit-border-radius:0px 0px 0px 0px;\n-moz-border-radius:0px 0px 0px 0px;\nborder-radius:0px 0px 0px 0px;\npadding:0px 0px 0px 0px;\n}\n<\/style>\n<div class='flex_column av-av_one_full-6126cab7d8fab8d08143dd2dacdf673c av_one_full  avia-builder-el-0  el_before_av_one_full  avia-builder-el-first  first flex_column_div av-zero-column-padding '     ><section  class='av_textblock_section av-av_textblock-0366cc7376be6c9e82a3e9cc8987b64f' ><div class='avia_textblock' ><h1 style=\"text-align: center;\">Referenzen<\/h1>\n<\/div><\/section><\/div>\n\n<style type=\"text\/css\" data-created_by=\"avia_inline_auto\" id=\"style-css-av-av_one_full-6126cab7d8fab8d08143dd2dacdf673c\">\n.flex_column.av-av_one_full-6126cab7d8fab8d08143dd2dacdf673c{\n-webkit-border-radius:0px 0px 0px 0px;\n-moz-border-radius:0px 0px 0px 0px;\nborder-radius:0px 0px 0px 0px;\npadding:0px 0px 0px 0px;\n}\n<\/style>\n<div class='flex_column av-av_one_full-6126cab7d8fab8d08143dd2dacdf673c av_one_full  avia-builder-el-2  el_after_av_one_full  el_before_av_hr  first flex_column_div av-zero-column-padding column-top-margin'     ><section  class='av_textblock_section av-av_textblock-0366cc7376be6c9e82a3e9cc8987b64f' ><div class='avia_textblock' ><h2>Werner Bischoff<\/h2>\n<p><img decoding=\"async\" loading=\"lazy\" class=\"size-medium wp-image-4942 alignright\" src=\"http:\/\/www.schmidt-energiesysteme.de\/wp-content\/uploads\/2018\/01\/werner-300x210.jpeg\" alt=\"\" width=\"300\" height=\"210\" srcset=\"https:\/\/schmidt-energiesysteme.de\/wp-content\/uploads\/2018\/01\/werner-300x210.jpeg 300w, https:\/\/schmidt-energiesysteme.de\/wp-content\/uploads\/2018\/01\/werner-768x538.jpeg 768w, https:\/\/schmidt-energiesysteme.de\/wp-content\/uploads\/2018\/01\/werner-1030x722.jpeg 1030w, https:\/\/schmidt-energiesysteme.de\/wp-content\/uploads\/2018\/01\/werner-705x494.jpeg 705w, https:\/\/schmidt-energiesysteme.de\/wp-content\/uploads\/2018\/01\/werner-450x315.jpeg 450w, https:\/\/schmidt-energiesysteme.de\/wp-content\/uploads\/2018\/01\/werner.jpeg 1280w\" sizes=\"(max-width: 300px) 100vw, 300px\" \/>Es gibt Dinge im Leben, die lassen einen einfach nicht mehr los. So \u00e4hnlich muss es Werner Bischoff gegangen sein, als er vor vielen Jahren von einem Kraftwerk h\u00f6rte, das W\u00e4rme und Strom auch f\u00fcr den privaten Verbrauch in einem einzigen Arbeitsprozess herstellt: der Dachs. \u201eIm Fernsehen habe ich das erste Mal davon gesehen und geh\u00f6rt\u201c, erinnert sich Bischoff. \u201eDanach ist mir die Sache nicht mehr aus dem Kopf gegangen.\u201c<\/p>\n<p>Was ihm denn daran so gut gefallen habe, will der Journalist am K\u00fcchentisch des sch\u00f6nen Eigenheims von Werner Bischoff wissen. \u201eMich hat in erster Linie die M\u00f6glichkeit fasziniert, meinen eigenen Strom machen zu k\u00f6nnen\u201c, antwortet der Hausbesitzer und seit November 2012 auch t\u00e4tige Kraftwerksbetreiber. \u201eIch will einfach von den st\u00e4ndig steigenden Stromkosten f\u00fcr meine beiden H\u00e4user herunterkommen.\u201c Neben dem von ihm und seiner Familie bewohnten Haus mit rund 250 qm Wohnfl\u00e4che steht eine weitere Immobilie mit zus\u00e4tzlichen 150 qm, die Bischoff vermietet.<\/p>\n<p>Nur das physikalische Prinzip der Kraft-W\u00e4rme-Kopplung erm\u00f6glicht die parallele Erzeugung vom thermischer wie elektrischer Energie. \u201eWenn man seine Stromkosten senken will, kann man au\u00dfer dem Dachs nix machen\u201c, sagt Bischoff. \u201eDie Leute von SenerTec haben ordentlich Erfahrung damit. Das sind einfach die Besten. Der Dachs ist damit die Nr. 1 auf dem Markt.\u201c<\/p>\n<p>Mit Andreas Schmidt hat er zudem einen ausgewiesenen Fachmann gefunden, der ihn professionell und pers\u00f6nlich \u201e richtig gut beraten hat\u201c. Ein klassischer Heizungstausch wegen Hinf\u00e4lligkeit der alten Anlage war n\u00e4mlich gar nicht notwendig. \u201eMeine alte Heizung hat gerade einmal sechs Jahre auf dem Buckel\u201c, erkl\u00e4rt Bischoff. Die im Nebenhaus allerdings schon deren 20. Nach dem Prinzip \u201eaus 2 mach 1\u201c fungiert das Kleinkraftwerk als Energiezentrale und Standardheizung, die die thermische Grundlast in beiden Geb\u00e4uden stemmt. Die j\u00fcngere der beiden alten Heizungen springt nur an, wenn mehr W\u00e4rme notwendig ist. Beide Immobilien bilden quasi ein eigenes Nahw\u00e4rme-Netz.<\/p>\n<p>Und wie sieht es auf der Stromseite aus? \u201eIch rechne mit einer Ersparnis von etwa 35 Prozent\u201c, antwortet der private Stromerzeuger. \u201eDie W\u00e4rme ist am Ende f\u00fcr mich rechnerisch fast umsonst\u201c.<\/p>\n<p><em>[Gustav Buchal; Freier Journalist; KonText, Agentur f\u00fcr Wort &amp; Werbung; 2013]<\/em><\/p>\n<\/div><\/section><\/div><div  class='hr av-av_hr-dcd2069817a0e3d34ae04cad8f3443c7 hr-default  avia-builder-el-4  el_after_av_one_full  el_before_av_one_full '><span class='hr-inner '><span class=\"hr-inner-style\"><\/span><\/span><\/div><\/p>\n\n<style type=\"text\/css\" data-created_by=\"avia_inline_auto\" id=\"style-css-av-av_one_full-6126cab7d8fab8d08143dd2dacdf673c\">\n.flex_column.av-av_one_full-6126cab7d8fab8d08143dd2dacdf673c{\n-webkit-border-radius:0px 0px 0px 0px;\n-moz-border-radius:0px 0px 0px 0px;\nborder-radius:0px 0px 0px 0px;\npadding:0px 0px 0px 0px;\n}\n<\/style>\n<div class='flex_column av-av_one_full-6126cab7d8fab8d08143dd2dacdf673c av_one_full  avia-builder-el-5  el_after_av_hr  el_before_av_hr  first flex_column_div av-zero-column-padding '     ><section  class='av_textblock_section av-av_textblock-0366cc7376be6c9e82a3e9cc8987b64f' ><div class='avia_textblock' ><h2>Ludger Middendorf, B\u00e4ckerei Middendorf<\/h2>\n<p>Vorbild zu sein, ist nicht immer eine Frage des Alters. J\u00fcngere k\u00f6nnen so Vorbild f\u00fcr \u00e4ltere Menschen sein. \u201eAls ich das vom Dachs in der B\u00e4cker-Zeitschrift gelesen habe, hab\u2018 ich gleich Peter L\u00fcttel angerufen\u201c, erkl\u00e4rt Ludger Middendof seine anf\u00e4ngliche Ber\u00fchrung mit der Kraft-W\u00e4rme-Kopplung. Der junge B\u00e4cker L\u00fcttel hatte bereits etliche Jahren zuvor sein erstes Kleinkraftwerk im eigenen Betrieb einbauen lassen. Damals war er Vorreiter in Sachen \u00f6konomischer und \u00f6kologischer Energieerzeugung und -nutzung. \u201eHeute h\u00e4lt L\u00fcttel sogar Vortr\u00e4ge dar\u00fcber\u201c, wei\u00df Ludger Middendorf.<\/p>\n<p>Was hat Energie-Pionier L\u00fcttel seinem Kollegen in puncto paralleler Erzeugung von W\u00e4rme und Strom geraten? \u201eWenn Du genug Warmwasserbedarf hast, kannst Du das machen\u201c, hat der j\u00fcngere dem \u00e4lteren Kollegen anvertraut. Zwei Waschmaschinen laufen jeden Tag im 3-Generationen-Haus mit Wohnungen, Caf\u00e9, Backstube und B\u00e4ckerei. Das sind 300 bis 400 Liter Warmwasser jeden Tag.<\/p>\n<p>Der besondere Clou ist indes der vom Dachs erzeugte Strom. Den nutzt B\u00e4cker Middendorf zu rund 90 Prozent im eigenen Haus. Bei einer j\u00e4hrlichen Stromrechnung von bisher \u00fcber 20 000 \u20ac lohnt sich das Investment in die eigene, unabh\u00e4ngige Stromproduktion. Trotz h\u00f6heren Gasverbrauchs im Vergleich zur vorherigen, konventionellen Heizung \u201espare ich unter dem Strich mehr als ein Viertel ein\u201c, hat Middendorf ausgerechnet. Bereits die Abschlagszahlung an den \u00f6ffentlichen Versorger habe sich sp\u00fcrbar verringert.<\/p>\n<p>Besonders angetan ist der 63j\u00e4hrige von Einbau und Service der Firma Schmidt. \u201eDa bin ich bestens mit zufrieden\u201c, best\u00e4tigt Ludger Middendorf. \u201eIch muss mich um nix k\u00fcmmern.\u201c K\u00fcmmern will er sich in naher Zukunft um die restlichen 10 Prozent Dachs-Strom, die bislang dem Netzbetreiber zuflie\u00dfen. Auch die will er bald selbst nutzen &#8211; f\u00fcr ein Elektro-Auto, das er nachts auftanken lassen kann. Da dient Peter L\u00fcttel auch als Vorbild. Der hat n\u00e4mlich schon zwei davon.<\/p>\n<p><em>[Gustav Buchal; Freier Journalist; KonText, Agentur f\u00fcr Wort &amp; Werbung; 2013]<\/em><\/p>\n<\/div><\/section><\/div><div  class='hr av-av_hr-dcd2069817a0e3d34ae04cad8f3443c7 hr-default  avia-builder-el-7  el_after_av_one_full  el_before_av_one_full '><span class='hr-inner '><span class=\"hr-inner-style\"><\/span><\/span><\/div><\/p>\n\n<style type=\"text\/css\" data-created_by=\"avia_inline_auto\" id=\"style-css-av-av_one_full-6126cab7d8fab8d08143dd2dacdf673c\">\n.flex_column.av-av_one_full-6126cab7d8fab8d08143dd2dacdf673c{\n-webkit-border-radius:0px 0px 0px 0px;\n-moz-border-radius:0px 0px 0px 0px;\nborder-radius:0px 0px 0px 0px;\npadding:0px 0px 0px 0px;\n}\n<\/style>\n<div class='flex_column av-av_one_full-6126cab7d8fab8d08143dd2dacdf673c av_one_full  avia-builder-el-8  el_after_av_hr  el_before_av_hr  first flex_column_div av-zero-column-padding '     ><section  class='av_textblock_section av-av_textblock-0366cc7376be6c9e82a3e9cc8987b64f' ><div class='avia_textblock' ><h2>Olaf Harms, Fitness-Treff Ziegelhof GmbH &amp; Co. KG<\/h2>\n<p>Der junge Mario Adorf blickt b\u00f6se vom Plakat im Foyer des Ziegelhof, Grace Kelly&#8217;s sinnlich k\u00fchler Ausdruck verr\u00e4t schon fr\u00fch ihren Aufstieg zur F\u00fcrstin von Monaco. Die echten Stars aber im Fitness-Treff am Friedhofsweg in Oldenburg, in dem im letzten Jahrhundert noch ein wundersch\u00f6nes Kino untergebracht war, stehen heute im Keller; zwei Kleinkraftwerke, die genau das produzieren, was die Leinwandheroen von damals ausstrahlten: Kraft und W\u00e4rme.<\/p>\n<p>F\u00fcr Olaf Harms, Eigent\u00fcmer des Fitness-Treffs kam die Entscheidung f\u00fcr die eigene, unabh\u00e4ngige Energieerzeugung aus dem Bauch. So sehr der Maschinenbau-Ingenieur auch Kaufmann sein mag &#8211; rechnen mussten sich die Anlagen allein wegen des regelm\u00e4\u00dfig hohen Bedarfs an W\u00e4rme, Warmwasser und Strom im Studio. Jeden Tag, zu jeder Jahreszeit. Dabei hatten die Module aus Schweinfurter Fertigung eine ziemlich weite Reise hinter sich. Aus Leipzig kamen die Kraftwerke, von denen eines 2008 im Ziegelhof landete, das zweite in einem Fitness-Studio im Oldenburger Hafen, das Harms gemeinsam mit einem Partner leitete. Als dieser dort ausstieg, wanderte der Hafen-Dachs als Kompagnon an den Friedhofsweg. Das war 2012.<\/p>\n<p>Seitdem spart Harms einen fast f\u00fcnfstelligen Betrag pro Jahr alleine an Stromkosten ein. An ein Ger\u00e4t eines anderen Herstellers hat er gedacht. &#8222;Aber das wies in der Summe zu viele Nachteile gegen\u00fcber dem Dachs auf&#8220;, findet Harms: einen h\u00f6heren Motorenverschlei\u00df wegen der modulierenden Laufweise der Anlage und eine daraus resultierende schwankende Stromproduktion samt h\u00f6herer Wartungsfrequenz mit entsprechenden finanziellen Mehrbelastungen. Sein \u00dcbriges habe au\u00dferdem Andreas Schmidt geleistet. &#8222;Wenn Sie wirklich wissen wollen, warum ich mit den Dachsen so zufrieden bin, und warum ich in meinem anderen Studio jetzt auch einen neuen Dachs laufen lasse &#8211; der Grund sitzt neben ihnen&#8220;, sagt Olaf Harms zum neugierigen Journalisten. Beratung, technische wie wirtschaftliche Kompetenz und ein ausgepr\u00e4gter Service-Gedanke machen den KWK-Fachmann in den Augen des Kraftwerkbetreibers zu einem angenehmen wie zuverl\u00e4ssigen Gesch\u00e4ftspartner.<\/p>\n<p><em>[Gustav Buchal; Freier Journalist; KonText, Agentur f\u00fcr Wort &amp; Werbung; 2015]<\/em><\/p>\n<\/div><\/section><\/div><div  class='hr av-av_hr-dcd2069817a0e3d34ae04cad8f3443c7 hr-default  avia-builder-el-10  el_after_av_one_full  el_before_av_one_full '><span class='hr-inner '><span class=\"hr-inner-style\"><\/span><\/span><\/div><\/p>\n\n<style type=\"text\/css\" data-created_by=\"avia_inline_auto\" id=\"style-css-av-av_one_full-6126cab7d8fab8d08143dd2dacdf673c\">\n.flex_column.av-av_one_full-6126cab7d8fab8d08143dd2dacdf673c{\n-webkit-border-radius:0px 0px 0px 0px;\n-moz-border-radius:0px 0px 0px 0px;\nborder-radius:0px 0px 0px 0px;\npadding:0px 0px 0px 0px;\n}\n<\/style>\n<div class='flex_column av-av_one_full-6126cab7d8fab8d08143dd2dacdf673c av_one_full  avia-builder-el-11  el_after_av_hr  avia-builder-el-last  first flex_column_div av-zero-column-padding '     ><section  class='av_textblock_section av-av_textblock-0366cc7376be6c9e82a3e9cc8987b64f' ><div class='avia_textblock' ><h2>J\u00f6rn Beneke, Seniorenhaus am Park<\/h2>\n<p>In Zeiten wie diesen scheinen Dinge immer komplexer, schwieriger, undurchschaubarer. Entscheidungen in Unternehmen und Politik werden dadurch nicht zwingend transparenter, weil viele Faktoren und Einfl\u00fcsse zu ber\u00fccksichtigen sind. Von menschlichen Befindlichkeiten soll an dieser Stelle nur insofern berichtet werden, als dass gerade diese ma\u00dfgeblich dazu beitragen k\u00f6nnen, komplexe Dinge auch wieder deutlich einfacher zu machen.<\/p>\n<p>&#8222;Ich verstehe nicht viel von technischen Zusammenh\u00e4ngen und Abl\u00e4ufen&#8220;, gibt J\u00f6rn Beneke im Gespr\u00e4ch mit dem Dachs-Reporter recht unumwunden zu. &#8222;Wenn ich aber Strom und damit Kosten sparen und gleichzeitig noch der Umwelt Gutes tun kann, dann sollte ich das tun.&#8220; J\u00f6rn Beneke, Leiter und Betreiber des Seniorenhaus am Park in Sulingen hat genau dies getan, genau genommen gleich zweimal. Er hat f\u00fcr seine Altenpflege- und Wohneinrichtung erst im Jahr 2005 und dann noch einmal sechs Jahre sp\u00e4ter zwei Kleinkraftwerke angeschafft, die nach dem physikalischen Prinzip der Kraft-W\u00e4rme-Kopplung gleichzeitig Strom und W\u00e4rme erzeugen.<\/p>\n<p>Dabei war von vorneherein klar, dass &#8222;wir den selbst erzeugten Strom keinesfalls an den \u00f6ffentlichen Versorger verkaufen, also ins Netz einspeisen wollten. Unser Ziel war und ist, soviel wie m\u00f6glich vom Dachs-Strom selbst zu profitieren.&#8220; Das gelingt in der mit 70 Betten ausgelegten Einrichtung scheinbar ganz ausgezeichnet. Nahezu vollst\u00e4ndig verbleibt die elektrische Energie in den zu einem Nahw\u00e4rmenetz zusammengeschlossenen Geb\u00e4uden. Mit eigener W\u00e4scherei und K\u00fcche und dem hohen Bedarf an warmen Wasser f\u00fcr die Bewohner des Heims laufen die beiden Kleinkraftwerke nahezu rund um die Uhr, best\u00e4tigt Andreas Schmidt, KWK-Fachmann und vertrauensw\u00fcrdiger Partner in allen Fragen rund um die KWK.<\/p>\n<p>Den wirtschaftlichen Vorteil durch den hohen Grad der Stromeigennutzung beziffert Schmidt, in Summe mit der R\u00fcckerstattung des KWK-Bonus von 5,41 Eurocent f\u00fcr jede produzierte Kilowattstunde Strom auf ann\u00e4hernd 20000 \u20ac im Jahr.<\/p>\n<p>J\u00f6rn Beneke h\u00e4lt die einmal getroffene Entscheidung f\u00fcr &#8222;grunds\u00e4tzlich richtig&#8220;. &#8222;Da kann ich einen Haken dran machen. Das l\u00e4uft.&#8220; So einfach k\u00f6nnen manchmal auch die schwierigsten Dinge sein \u2013 wenn man denn will.<\/p>\n<p><em>[Gustav Buchal; Freier Journalist; KonText, Agentur f\u00fcr Wort &amp; Werbung; 2014]<\/em><\/p>\n<\/div><\/section><\/div>\n","protected":false},"excerpt":{"rendered":"<p>This is a Page excerpt. It will be displayed for search results<\/p>\n","protected":false},"author":1,"featured_media":0,"parent":0,"menu_order":0,"comment_status":"closed","ping_status":"closed","template":"","meta":[],"_links":{"self":[{"href":"https:\/\/schmidt-energiesysteme.de\/index.php\/wp-json\/wp\/v2\/pages\/4073"}],"collection":[{"href":"https:\/\/schmidt-energiesysteme.de\/index.php\/wp-json\/wp\/v2\/pages"}],"about":[{"href":"https:\/\/schmidt-energiesysteme.de\/index.php\/wp-json\/wp\/v2\/types\/page"}],"author":[{"embeddable":true,"href":"https:\/\/schmidt-energiesysteme.de\/index.php\/wp-json\/wp\/v2\/users\/1"}],"replies":[{"embeddable":true,"href":"https:\/\/schmidt-energiesysteme.de\/index.php\/wp-json\/wp\/v2\/comments?post=4073"}],"version-history":[{"count":13,"href":"https:\/\/schmidt-energiesysteme.de\/index.php\/wp-json\/wp\/v2\/pages\/4073\/revisions"}],"predecessor-version":[{"id":4958,"href":"https:\/\/schmidt-energiesysteme.de\/index.php\/wp-json\/wp\/v2\/pages\/4073\/revisions\/4958"}],"wp:attachment":[{"href":"https:\/\/schmidt-energiesysteme.de\/index.php\/wp-json\/wp\/v2\/media?parent=4073"}],"curies":[{"name":"wp","href":"https:\/\/api.w.org\/{rel}","templated":true}]}}